{"id":59,"date":"2025-10-13T22:58:29","date_gmt":"2025-10-13T22:58:29","guid":{"rendered":"https:\/\/holdingempresarialw.com\/index.php\/services\/"},"modified":"2025-12-14T18:40:56","modified_gmt":"2025-12-14T23:40:56","slug":"services","status":"publish","type":"page","link":"https:\/\/holdingempresarialw.com\/en\/services\/","title":{"rendered":"Services"},"content":{"rendered":"<div data-elementor-type=\"wp-page\" data-elementor-id=\"59\" class=\"elementor elementor-59\">\n\t\t\t\t<div class=\"elementor-element elementor-element-79337ab3 e-flex e-con-boxed e-con e-parent\" data-id=\"79337ab3\" data-element_type=\"container\" data-e-type=\"container\">\n\t\t\t\t\t<div class=\"e-con-inner\">\n\t\t\t\t<div class=\"elementor-element elementor-element-194f2976 elementor-widget elementor-widget-heading\" data-id=\"194f2976\" data-element_type=\"widget\" data-e-type=\"widget\" data-widget_type=\"heading.default\">\n\t\t\t\t<div class=\"elementor-widget-container\">\n\t\t\t\t\t<h1 class=\"elementor-heading-title elementor-size-default\">Our Services<\/h1>\t\t\t\t<\/div>\n\t\t\t\t<\/div>\n\t\t\t\t<div class=\"elementor-element elementor-element-47d860d6 elementor-widget-divider--view-line elementor-widget elementor-widget-divider\" data-id=\"47d860d6\" data-element_type=\"widget\" data-e-type=\"widget\" data-widget_type=\"divider.default\">\n\t\t\t\t<div class=\"elementor-widget-container\">\n\t\t\t\t\t\t\t<div class=\"elementor-divider\">\n\t\t\t<span class=\"elementor-divider-separator\">\n\t\t\t\t\t\t<\/span>\n\t\t<\/div>\n\t\t\t\t\t\t<\/div>\n\t\t\t\t<\/div>\n\t\t\t\t<div class=\"elementor-element elementor-element-647280b7 elementor-widget__width-initial elementor-widget-tablet__width-initial elementor-widget elementor-widget-heading\" data-id=\"647280b7\" data-element_type=\"widget\" data-e-type=\"widget\" data-widget_type=\"heading.default\">\n\t\t\t\t<div class=\"elementor-widget-container\">\n\t\t\t\t\t<h5 class=\"elementor-heading-title elementor-size-default\">We transform your accounting and administrative management into a solid competitive advantage.<\/h5>\t\t\t\t<\/div>\n\t\t\t\t<\/div>\n\t\t\t\t\t<\/div>\n\t\t\t\t<\/div>\n\t\t<div class=\"elementor-element elementor-element-7e361ef8 e-flex e-con-boxed e-con e-parent\" data-id=\"7e361ef8\" data-element_type=\"container\" data-e-type=\"container\" id=\"service1\">\n\t\t\t\t\t<div class=\"e-con-inner\">\n\t\t<div class=\"elementor-element elementor-element-132928fd e-con-full e-flex e-con e-child\" data-id=\"132928fd\" data-element_type=\"container\" data-e-type=\"container\">\n\t\t\t\t<div class=\"elementor-element elementor-element-62b9e50a elementor-widget elementor-widget-heading\" data-id=\"62b9e50a\" data-element_type=\"widget\" data-e-type=\"widget\" data-widget_type=\"heading.default\">\n\t\t\t\t<div class=\"elementor-widget-container\">\n\t\t\t\t\t<h2 class=\"elementor-heading-title elementor-size-default\"><b><i>Comprehensive Accounting Management<\/i><\/b><\/h2>\t\t\t\t<\/div>\n\t\t\t\t<\/div>\n\t\t\t\t<div class=\"elementor-element elementor-element-7f0d478e elementor-widget elementor-widget-text-editor\" data-id=\"7f0d478e\" data-element_type=\"widget\" data-e-type=\"widget\" data-widget_type=\"text-editor.default\">\n\t\t\t\t<div class=\"elementor-widget-container\">\n\t\t\t\t\t\t\t\t\t<p class=\"translation-block\"><em>We don't just manage the numbers, we give you control over them.<\/em><br>We take care of everything: from the meticulous recording of your transactions to the preparation of reliable financial statements, analyses that reveal opportunities, and consolidation processes for business groups.<\/strong>&gt;&gt;Your Benefit:<\/strong> You will obtain clear, real-time financial information to make sound decisions, attract investors, and transparently fulfill all your obligations.<\/p>\t\t\t\t\t\t\t\t<\/div>\n\t\t\t\t<\/div>\n\t\t\t\t<\/div>\n\t\t<div class=\"elementor-element elementor-element-2f14ea25 e-con-full e-flex e-con e-child\" data-id=\"2f14ea25\" data-element_type=\"container\" data-e-type=\"container\" data-settings=\"{&quot;background_background&quot;:&quot;classic&quot;}\">\n\t\t\t\t<div class=\"elementor-element elementor-element-1d9d8f8 elementor-widget__width-initial eael_liquid_glass-effect1 eael_liquid_glass_shadow-effect1 elementor-widget elementor-widget-image\" data-id=\"1d9d8f8\" data-element_type=\"widget\" data-e-type=\"widget\" data-widget_type=\"image.default\">\n\t\t\t\t<div class=\"elementor-widget-container\">\n\t\t\t\t\t\t\t\t\t\t\t\t\t\t\t<img fetchpriority=\"high\" decoding=\"async\" width=\"832\" height=\"1146\" src=\"https:\/\/holdingempresarialw.com\/wp-content\/uploads\/2025\/11\/Gestion-Contable-Integra-Serviciosl.png\" class=\"attachment-full size-full wp-image-1529\" alt=\"gesti\u00f3n contable integra serviciosl\" srcset=\"https:\/\/holdingempresarialw.com\/wp-content\/uploads\/2025\/11\/Gestion-Contable-Integra-Serviciosl.png 832w, https:\/\/holdingempresarialw.com\/wp-content\/uploads\/2025\/11\/Gestion-Contable-Integra-Serviciosl-218x300.png 218w, https:\/\/holdingempresarialw.com\/wp-content\/uploads\/2025\/11\/Gestion-Contable-Integra-Serviciosl-743x1024.png 743w, https:\/\/holdingempresarialw.com\/wp-content\/uploads\/2025\/11\/Gestion-Contable-Integra-Serviciosl-768x1058.png 768w\" sizes=\"(max-width: 832px) 100vw, 832px\" title=\"Services\">\t\t\t\t\t\t\t\t\t\t\t\t\t\t\t<\/div>\n\t\t\t\t<\/div>\n\t\t\t\t<\/div>\n\t\t\t\t\t<\/div>\n\t\t\t\t<\/div>\n\t\t<div class=\"elementor-element elementor-element-5957b5a7 e-flex e-con-boxed e-con e-parent\" data-id=\"5957b5a7\" data-element_type=\"container\" data-e-type=\"container\" id=\"service2\">\n\t\t\t\t\t<div class=\"e-con-inner\">\n\t\t<div class=\"elementor-element elementor-element-14ab9ec5 e-con-full e-flex e-con e-child\" data-id=\"14ab9ec5\" data-element_type=\"container\" data-e-type=\"container\">\n\t\t\t\t<div class=\"elementor-element elementor-element-17688e3d elementor-widget elementor-widget-heading\" data-id=\"17688e3d\" data-element_type=\"widget\" data-e-type=\"widget\" data-widget_type=\"heading.default\">\n\t\t\t\t<div class=\"elementor-widget-container\">\n\t\t\t\t\t<h2 class=\"elementor-heading-title elementor-size-default\"><b><i>Tax and Fiscal Consulting<\/i><\/b><\/h2>\t\t\t\t<\/div>\n\t\t\t\t<\/div>\n\t\t\t\t<div class=\"elementor-element elementor-element-78ee4bf8 elementor-widget elementor-widget-text-editor\" data-id=\"78ee4bf8\" data-element_type=\"widget\" data-e-type=\"widget\" data-widget_type=\"text-editor.default\">\n\t\t\t\t<div class=\"elementor-widget-container\">\n\t\t\t\t\t\t\t\t\t<p class=\"translation-block\"><em>We don't just comply, we optimize. Your peace of mind is our goal.<\/em><br>We go beyond simply filing. We offer <strong>strategic tax planning<\/strong> to legally minimize your tax burden, we handle the <strong>preparation and filing of taxes<\/strong>, and we represent and advise you during <strong>audit processes<\/strong>.<br><strong>&gt;&gt;Your Benefit:<\/strong> You will legally reduce your taxes, eliminate the risk of costly penalties, and sleep soundly knowing your tax matters are in expert hands.<\/p>\t\t\t\t\t\t\t\t<\/div>\n\t\t\t\t<\/div>\n\t\t\t\t<\/div>\n\t\t<div class=\"elementor-element elementor-element-683c8e86 e-con-full e-flex e-con e-child\" data-id=\"683c8e86\" data-element_type=\"container\" data-e-type=\"container\" data-settings=\"{&quot;background_background&quot;:&quot;classic&quot;}\">\n\t\t\t\t<div class=\"elementor-element elementor-element-5ad8431 eael_liquid_glass-effect1 eael_liquid_glass_shadow-effect1 elementor-widget elementor-widget-image\" data-id=\"5ad8431\" data-element_type=\"widget\" data-e-type=\"widget\" data-widget_type=\"image.default\">\n\t\t\t\t<div class=\"elementor-widget-container\">\n\t\t\t\t\t\t\t\t\t\t\t\t\t\t\t<img decoding=\"async\" width=\"886\" height=\"1140\" src=\"https:\/\/holdingempresarialw.com\/wp-content\/uploads\/2025\/11\/Asesoria-Tributaria-y-Fiscal-Servicios.png\" class=\"attachment-full size-full wp-image-1530\" alt=\"asesor\u00eda tributaria y fiscal servicios\" srcset=\"https:\/\/holdingempresarialw.com\/wp-content\/uploads\/2025\/11\/Asesoria-Tributaria-y-Fiscal-Servicios.png 886w, https:\/\/holdingempresarialw.com\/wp-content\/uploads\/2025\/11\/Asesoria-Tributaria-y-Fiscal-Servicios-233x300.png 233w, https:\/\/holdingempresarialw.com\/wp-content\/uploads\/2025\/11\/Asesoria-Tributaria-y-Fiscal-Servicios-796x1024.png 796w, https:\/\/holdingempresarialw.com\/wp-content\/uploads\/2025\/11\/Asesoria-Tributaria-y-Fiscal-Servicios-768x988.png 768w\" sizes=\"(max-width: 886px) 100vw, 886px\" title=\"Services\">\t\t\t\t\t\t\t\t\t\t\t\t\t\t\t<\/div>\n\t\t\t\t<\/div>\n\t\t\t\t<\/div>\n\t\t\t\t\t<\/div>\n\t\t\t\t<\/div>\n\t\t<div class=\"elementor-element elementor-element-e699b47 e-con-full e-flex e-con e-parent\" data-id=\"e699b47\" data-element_type=\"container\" data-e-type=\"container\">\n\t\t<div class=\"elementor-element elementor-element-c1eddfb e-con-full e-flex e-con e-child\" data-id=\"c1eddfb\" data-element_type=\"container\" data-e-type=\"container\">\n\t\t<div class=\"elementor-element elementor-element-56cf613 e-con-full e-flex e-con e-child\" data-id=\"56cf613\" data-element_type=\"container\" data-e-type=\"container\">\n\t\t\t\t<div class=\"elementor-element elementor-element-956d839 elementor-widget__width-initial elementor-widget elementor-widget-heading\" data-id=\"956d839\" data-element_type=\"widget\" data-e-type=\"widget\" data-widget_type=\"heading.default\">\n\t\t\t\t<div class=\"elementor-widget-container\">\n\t\t\t\t\t<h2 class=\"elementor-heading-title elementor-size-default\"><b><i>Corporate Legal Protection<\/i><\/b><\/h2>\t\t\t\t<\/div>\n\t\t\t\t<\/div>\n\t\t\t\t<div class=\"elementor-element elementor-element-13759a5 elementor-widget__width-initial elementor-widget elementor-widget-text-editor\" data-id=\"13759a5\" data-element_type=\"widget\" data-e-type=\"widget\" data-widget_type=\"text-editor.default\">\n\t\t\t\t<div class=\"elementor-widget-container\">\n\t\t\t\t\t\t\t\t\t<p class=\"translation-block\"><strong>Don't wait until you have a legal problem to seek solutions. <\/strong><br>We are your strategic legal shield. We anticipate risks, strengthen your structure, and defend your interests, allowing you and your team to focus on what you do best: growing the business. Your Benefit: We strengthen your legal position on all fronts: contractual, labor, corporate, and regulatory.<\/p>\t\t\t\t\t\t\t\t<\/div>\n\t\t\t\t<\/div>\n\t\t\t\t<\/div>\n\t\t\t\t<\/div>\n\t\t<div class=\"elementor-element elementor-element-f8d95bb e-con-full e-flex e-con e-child\" data-id=\"f8d95bb\" data-element_type=\"container\" data-e-type=\"container\">\n\t\t\t\t<div class=\"elementor-element elementor-element-3bac94d elementor-widget__width-initial eael_liquid_glass-effect1 eael_liquid_glass_shadow-effect1 elementor-widget elementor-widget-image\" data-id=\"3bac94d\" data-element_type=\"widget\" data-e-type=\"widget\" data-widget_type=\"image.default\">\n\t\t\t\t<div class=\"elementor-widget-container\">\n\t\t\t\t\t\t\t\t\t\t\t\t\t\t\t<img decoding=\"async\" width=\"683\" height=\"1024\" src=\"https:\/\/holdingempresarialw.com\/wp-content\/uploads\/2025\/12\/Proteccion-Juridica-Corporativa-1-683x1024.png\" class=\"elementor-animation-grow attachment-large size-large wp-image-1587\" alt=\"protecci\u00f3n juridica corporativa (1)\" srcset=\"https:\/\/holdingempresarialw.com\/wp-content\/uploads\/2025\/12\/Proteccion-Juridica-Corporativa-1-683x1024.png 683w, https:\/\/holdingempresarialw.com\/wp-content\/uploads\/2025\/12\/Proteccion-Juridica-Corporativa-1-200x300.png 200w, https:\/\/holdingempresarialw.com\/wp-content\/uploads\/2025\/12\/Proteccion-Juridica-Corporativa-1-768x1152.png 768w, https:\/\/holdingempresarialw.com\/wp-content\/uploads\/2025\/12\/Proteccion-Juridica-Corporativa-1-8x12.png 8w, https:\/\/holdingempresarialw.com\/wp-content\/uploads\/2025\/12\/Proteccion-Juridica-Corporativa-1.png 1024w\" sizes=\"(max-width: 683px) 100vw, 683px\" title=\"Services\">\t\t\t\t\t\t\t\t\t\t\t\t\t\t\t<\/div>\n\t\t\t\t<\/div>\n\t\t\t\t<\/div>\n\t\t\t\t<\/div>\n\t\t<div class=\"elementor-element elementor-element-f9d7941 e-con-full e-flex e-con e-parent\" data-id=\"f9d7941\" data-element_type=\"container\" data-e-type=\"container\">\n\t\t<div class=\"elementor-element elementor-element-9106ccb e-con-full e-flex e-con e-child\" data-id=\"9106ccb\" data-element_type=\"container\" data-e-type=\"container\">\n\t\t<div class=\"elementor-element elementor-element-162e45bf e-con-full e-flex e-con e-child\" data-id=\"162e45bf\" data-element_type=\"container\" data-e-type=\"container\">\n\t\t\t\t<div class=\"elementor-element elementor-element-4aa2e462 elementor-widget elementor-widget-heading\" data-id=\"4aa2e462\" data-element_type=\"widget\" data-e-type=\"widget\" data-widget_type=\"heading.default\">\n\t\t\t\t<div class=\"elementor-widget-container\">\n\t\t\t\t\t<h2 class=\"elementor-heading-title elementor-size-default\"><b><i>Business Administrative Management<\/i><\/b><\/h2>\t\t\t\t<\/div>\n\t\t\t\t<\/div>\n\t\t\t\t<div class=\"elementor-element elementor-element-5ef27139 elementor-widget__width-initial elementor-widget elementor-widget-text-editor\" data-id=\"5ef27139\" data-element_type=\"widget\" data-e-type=\"widget\" data-widget_type=\"text-editor.default\">\n\t\t\t\t<div class=\"elementor-widget-container\">\n\t\t\t\t\t\t\t\t\t<p class=\"translation-block\"><em>We simplify operations so you can scale your growth.<\/em><br>We take the reins of your company's operational management, automating processes, organizing legal documentation, and ensuring that the administrative structure runs like clockwork.<\/br><strong>&gt;&gt;Your Benefit:<\/strong> You will free up valuable time and resources, increase your team's productivity, and have a solid and scalable operational foundation for your expansion.<\/p>\t\t\t\t\t\t\t\t<\/div>\n\t\t\t\t<\/div>\n\t\t\t\t<\/div>\n\t\t\t\t<\/div>\n\t\t<div class=\"elementor-element elementor-element-aac2358 e-con-full e-flex e-con e-child\" data-id=\"aac2358\" data-element_type=\"container\" data-e-type=\"container\">\n\t\t\t\t<div class=\"elementor-element elementor-element-622df4d elementor-widget__width-initial eael_liquid_glass-effect1 eael_liquid_glass_shadow-effect1 elementor-widget elementor-widget-image\" data-id=\"622df4d\" data-element_type=\"widget\" data-e-type=\"widget\" data-widget_type=\"image.default\">\n\t\t\t\t<div class=\"elementor-widget-container\">\n\t\t\t\t\t\t\t\t\t\t\t\t\t\t\t<img loading=\"lazy\" decoding=\"async\" width=\"683\" height=\"1024\" src=\"https:\/\/holdingempresarialw.com\/wp-content\/uploads\/2025\/12\/Gestion-Administrativa-Empresarial-1-683x1024.png\" class=\"elementor-animation-grow attachment-large size-large wp-image-1589\" alt=\"gesti\u00f3n administrativa empresarial (1)\" srcset=\"https:\/\/holdingempresarialw.com\/wp-content\/uploads\/2025\/12\/Gestion-Administrativa-Empresarial-1-683x1024.png 683w, https:\/\/holdingempresarialw.com\/wp-content\/uploads\/2025\/12\/Gestion-Administrativa-Empresarial-1-200x300.png 200w, https:\/\/holdingempresarialw.com\/wp-content\/uploads\/2025\/12\/Gestion-Administrativa-Empresarial-1-768x1152.png 768w, https:\/\/holdingempresarialw.com\/wp-content\/uploads\/2025\/12\/Gestion-Administrativa-Empresarial-1-8x12.png 8w, https:\/\/holdingempresarialw.com\/wp-content\/uploads\/2025\/12\/Gestion-Administrativa-Empresarial-1.png 1024w\" sizes=\"(max-width: 683px) 100vw, 683px\" title=\"Services\">\t\t\t\t\t\t\t\t\t\t\t\t\t\t\t<\/div>\n\t\t\t\t<\/div>\n\t\t\t\t<\/div>\n\t\t\t\t<\/div>\n\t\t<div class=\"elementor-element elementor-element-7868886 e-flex e-con-boxed e-con e-parent\" data-id=\"7868886\" data-element_type=\"container\" data-e-type=\"container\">\n\t\t\t\t\t<div class=\"e-con-inner\">\n\t\t\t\t<div class=\"elementor-element elementor-element-40e9be10 elementor-widget elementor-widget-heading\" data-id=\"40e9be10\" data-element_type=\"widget\" data-e-type=\"widget\" data-widget_type=\"heading.default\">\n\t\t\t\t<div class=\"elementor-widget-container\">\n\t\t\t\t\t<h2 class=\"elementor-heading-title elementor-size-default\">Focus on your business, we'll take care of the rest.<\/h2>\t\t\t\t<\/div>\n\t\t\t\t<\/div>\n\t\t\t\t<div class=\"elementor-element elementor-element-9dc919a elementor-widget__width-initial elementor-widget elementor-widget-text-editor\" data-id=\"9dc919a\" data-element_type=\"widget\" data-e-type=\"widget\" data-widget_type=\"text-editor.default\">\n\t\t\t\t<div class=\"elementor-widget-container\">\n\t\t\t\t\t\t\t\t\t<p>By partnering with us, you're not hiring a service provider, you're gaining a\u00a0<strong>strategic ally<\/strong>.<\/p>\t\t\t\t\t\t\t\t<\/div>\n\t\t\t\t<\/div>\n\t\t\t\t<div class=\"elementor-element elementor-element-1d354ac1 elementor-align-center elementor-invisible elementor-widget elementor-widget-button\" data-id=\"1d354ac1\" data-element_type=\"widget\" data-e-type=\"widget\" data-settings=\"{&quot;_animation&quot;:&quot;fadeInDown&quot;}\" data-widget_type=\"button.default\">\n\t\t\t\t<div class=\"elementor-widget-container\">\n\t\t\t\t\t\t\t\t\t<div class=\"elementor-button-wrapper\">\n\t\t\t\t\t<a class=\"elementor-button elementor-button-link elementor-size-sm\" href=\"https:\/\/library.elementor.com\/local-services-wireframe-3-flexbox\/contact-us\/\">\n\t\t\t\t\t\t<span class=\"elementor-button-content-wrapper\">\n\t\t\t\t\t\t\t\t\t<span class=\"elementor-button-text\">Contact us<\/span>\n\t\t\t\t\t<\/span>\n\t\t\t\t\t<\/a>\n\t\t\t\t<\/div>\n\t\t\t\t\t\t\t\t<\/div>\n\t\t\t\t<\/div>\n\t\t\t\t\t<\/div>\n\t\t\t\t<\/div>\n\t\t\t\t<\/div>","protected":false},"excerpt":{"rendered":"<p>Nuestros Servicios Transformamos su Gesti\u00f3n Contable y Administrativa en una Ventaja Competitiva S\u00f3lida Gesti\u00f3n Contable Integral No solo llevamos los n\u00fameros, le damos el control sobre ellos.Nos encargamos de todo:&hellip;<\/p>","protected":false},"author":1,"featured_media":62,"parent":0,"menu_order":0,"comment_status":"closed","ping_status":"closed","template":"elementor_header_footer","meta":{"_acf_changed":false,"_uag_custom_page_level_css":"","footnotes":""},"class_list":["post-59","page","type-page","status-publish","has-post-thumbnail","hentry"],"acf":[],"uagb_featured_image_src":{"full":["https:\/\/holdingempresarialw.com\/wp-content\/uploads\/2025\/10\/Services-400_380.jpg",400,380,false],"thumbnail":["https:\/\/holdingempresarialw.com\/wp-content\/uploads\/2025\/10\/Services-400_380-150x150.jpg",150,150,true],"medium":["https:\/\/holdingempresarialw.com\/wp-content\/uploads\/2025\/10\/Services-400_380-300x285.jpg",300,285,true],"medium_large":["https:\/\/holdingempresarialw.com\/wp-content\/uploads\/2025\/10\/Services-400_380.jpg",400,380,false],"large":["https:\/\/holdingempresarialw.com\/wp-content\/uploads\/2025\/10\/Services-400_380.jpg",400,380,false],"1536x1536":["https:\/\/holdingempresarialw.com\/wp-content\/uploads\/2025\/10\/Services-400_380.jpg",400,380,false],"2048x2048":["https:\/\/holdingempresarialw.com\/wp-content\/uploads\/2025\/10\/Services-400_380.jpg",400,380,false],"trp-custom-language-flag":["https:\/\/holdingempresarialw.com\/wp-content\/uploads\/2025\/10\/Services-400_380.jpg",13,12,false]},"uagb_author_info":{"display_name":"admin","author_link":"https:\/\/holdingempresarialw.com\/en\/author\/admin_a7kzceom\/"},"uagb_comment_info":0,"uagb_excerpt":"Nuestros Servicios Transformamos su Gesti\u00f3n Contable y Administrativa en una Ventaja Competitiva S\u00f3lida Gesti\u00f3n Contable Integral No solo llevamos los n\u00fameros, le damos el control sobre ellos.Nos encargamos de todo:&hellip;","_links":{"self":[{"href":"https:\/\/holdingempresarialw.com\/en\/wp-json\/wp\/v2\/pages\/59","targetHints":{"allow":["GET"]}}],"collection":[{"href":"https:\/\/holdingempresarialw.com\/en\/wp-json\/wp\/v2\/pages"}],"about":[{"href":"https:\/\/holdingempresarialw.com\/en\/wp-json\/wp\/v2\/types\/page"}],"author":[{"embeddable":true,"href":"https:\/\/holdingempresarialw.com\/en\/wp-json\/wp\/v2\/users\/1"}],"replies":[{"embeddable":true,"href":"https:\/\/holdingempresarialw.com\/en\/wp-json\/wp\/v2\/comments?post=59"}],"version-history":[{"count":29,"href":"https:\/\/holdingempresarialw.com\/en\/wp-json\/wp\/v2\/pages\/59\/revisions"}],"predecessor-version":[{"id":1592,"href":"https:\/\/holdingempresarialw.com\/en\/wp-json\/wp\/v2\/pages\/59\/revisions\/1592"}],"wp:featuredmedia":[{"embeddable":true,"href":"https:\/\/holdingempresarialw.com\/en\/wp-json\/wp\/v2\/media\/62"}],"wp:attachment":[{"href":"https:\/\/holdingempresarialw.com\/en\/wp-json\/wp\/v2\/media?parent=59"}],"curies":[{"name":"wp","href":"https:\/\/api.w.org\/{rel}","templated":true}]}}